{"id":714,"date":"2026-04-07T11:46:40","date_gmt":"2026-04-07T11:46:40","guid":{"rendered":"https:\/\/www.roosahannikainen.fi\/?page_id=714"},"modified":"2026-04-07T13:35:10","modified_gmt":"2026-04-07T13:35:10","slug":"hinnasto-2","status":"publish","type":"page","link":"https:\/\/www.roosahannikainen.fi\/index.php\/hinnasto-2\/","title":{"rendered":"Tietoa minusta"},"content":{"rendered":"\n<p>Olen 44-vuotias esiintyv\u00e4 taiteilija Helsingist\u00e4. Olen aina ollut kiinnostunut komiikasta ja se on ollut osa minua aina. Vuonna 2001 innostuin klovneriasta ja l\u00e4hdin opiskelemaan fyysist\u00e4 teatteria k\u00f6\u00f6penhaminalaiseen The Commedia Schooliin. Valmistuin sielt\u00e4 vuonna 2005, jonka j\u00e4lkeen aloin etsi\u00e4 polkuani esiintyv\u00e4n\u00e4 taiteilijana. Ilokseni olen saanut olla mukana mielenkiintoisissa produktioista, joista l\u00f6yd\u00e4t tarkemmin tietoa <a href=\"http:\/\/www.roosahannikainen.fi\/index.php\/portfolio-2\/\" data-type=\"URL\" data-id=\"http:\/\/www.roosahannikainen.fi\/index.php\/portfolio-2\/\">t\u00e4\u00e4lt\u00e4<\/a>.<\/p>\n\n\n\n<p>Vuonna 2009 perustin Suomeen Klovnit ilman rajoja- j\u00e4rjest\u00f6n, koska olen aina halunnut taiteellani tehd\u00e4 auttamisty\u00f6t\u00e4 kansainv\u00e4lisesti. Klovnit ilman rajoja ry:st\u00e4 l\u00f6yd\u00e4t lis\u00e4tietoa <a href=\"https:\/\/www.roosahannikainen.fi\/index.php\/klovnit-ilman-rajoja-ry\/\">t\u00e4\u00e4lt\u00e4<\/a>.<\/p>\n\n\n\n<p>Keikkailen s\u00e4\u00e4nn\u00f6llisesti edelleen Klovni Lilli Pii-hahmolla, joka on tuttu YLE:n Pikku Kakkosesta.<a href=\"https:\/\/www.roosahannikainen.fi\/index.php\/tilaa-klovni-tapahtumaan\/\">Klovni Lilli Pii<\/a>.  Korona-aikana kun esiintymist\u00f6it\u00e4 ei juurikaan ollut, innostuin oppimaan lis\u00e4\u00e4 kasvomaalausten tekemisest\u00e4 ja nyky\u00e4\u00e4n tarjoan kasvomaalauksia ja glittertatuointeja <a href=\"https:\/\/www.roosahannikainen.fi\/index.php\/kasvomaalaukset\/\">Hertta-Bertta<\/a>-hahmossa. <\/p>\n\n\n\n<p><\/p>\n\n\n\n<figure class=\"wp-block-image size-full\"><img loading=\"lazy\" decoding=\"async\" width=\"806\" height=\"807\" src=\"http:\/\/www.roosahannikainen.fi\/wp-content\/uploads\/2025\/10\/unnamed.jpg\" alt=\"\" class=\"wp-image-619\" srcset=\"https:\/\/www.roosahannikainen.fi\/wp-content\/uploads\/2025\/10\/unnamed.jpg 806w, https:\/\/www.roosahannikainen.fi\/wp-content\/uploads\/2025\/10\/unnamed-300x300.jpg 300w, https:\/\/www.roosahannikainen.fi\/wp-content\/uploads\/2025\/10\/unnamed-150x150.jpg 150w, https:\/\/www.roosahannikainen.fi\/wp-content\/uploads\/2025\/10\/unnamed-768x769.jpg 768w, https:\/\/www.roosahannikainen.fi\/wp-content\/uploads\/2025\/10\/unnamed-60x60.jpg 60w\" sizes=\"auto, (max-width: 806px) 100vw, 806px\" \/><\/figure>\n","protected":false},"excerpt":{"rendered":"<p>Olen 44-vuotias esiintyv\u00e4 taiteilija Helsingist\u00e4. Olen aina ollut kiinnostunut komiikasta ja se on ollut osa minua aina. Vuonna 2001 innostuin klovneriasta ja l\u00e4hdin opiskelemaan fyysist\u00e4 teatteria k\u00f6\u00f6penhaminalaiseen The Commedia Schooliin. Valmistuin sielt\u00e4 vuonna 2005, jonka j\u00e4lkeen aloin etsi\u00e4 polkuani esiintyv\u00e4n\u00e4 taiteilijana. Ilokseni olen saanut olla mukana mielenkiintoisissa produktioista, joista l\u00f6yd\u00e4t tarkemmin tietoa t\u00e4\u00e4lt\u00e4. Vuonna 2009 &hellip; <\/p>\n","protected":false},"author":1,"featured_media":0,"parent":0,"menu_order":0,"comment_status":"closed","ping_status":"closed","template":"","meta":{"footnotes":""},"class_list":["post-714","page","type-page","status-publish","hentry"],"_links":{"self":[{"href":"https:\/\/www.roosahannikainen.fi\/index.php\/wp-json\/wp\/v2\/pages\/714","targetHints":{"allow":["GET"]}}],"collection":[{"href":"https:\/\/www.roosahannikainen.fi\/index.php\/wp-json\/wp\/v2\/pages"}],"about":[{"href":"https:\/\/www.roosahannikainen.fi\/index.php\/wp-json\/wp\/v2\/types\/page"}],"author":[{"embeddable":true,"href":"https:\/\/www.roosahannikainen.fi\/index.php\/wp-json\/wp\/v2\/users\/1"}],"replies":[{"embeddable":true,"href":"https:\/\/www.roosahannikainen.fi\/index.php\/wp-json\/wp\/v2\/comments?post=714"}],"version-history":[{"count":4,"href":"https:\/\/www.roosahannikainen.fi\/index.php\/wp-json\/wp\/v2\/pages\/714\/revisions"}],"predecessor-version":[{"id":751,"href":"https:\/\/www.roosahannikainen.fi\/index.php\/wp-json\/wp\/v2\/pages\/714\/revisions\/751"}],"wp:attachment":[{"href":"https:\/\/www.roosahannikainen.fi\/index.php\/wp-json\/wp\/v2\/media?parent=714"}],"curies":[{"name":"wp","href":"https:\/\/api.w.org\/{rel}","templated":true}]}}