{"id":704,"date":"2026-04-07T11:46:15","date_gmt":"2026-04-07T11:46:15","guid":{"rendered":"https:\/\/www.roosahannikainen.fi\/?page_id=704"},"modified":"2026-04-07T13:15:42","modified_gmt":"2026-04-07T13:15:42","slug":"portfolio-2","status":"publish","type":"page","link":"https:\/\/www.roosahannikainen.fi\/index.php\/portfolio-2\/","title":{"rendered":"Portfolio"},"content":{"rendered":"\n<h2 class=\"wp-block-heading\">&#8211; Valikoituja t\u00f6it\u00e4 &#8211;<\/h2>\n\n\n\n<p class=\"has-medium-font-size\"><\/p>\n\n\n\n<h3 class=\"wp-block-heading\">Lehdist\u00f6tilaisuus<\/h3>\n\n\n\n<p><em>ESITYSKUVAUS<\/em><\/p>\n\n\n\n<p>Lehdist\u00f6tilaisuus on teatteriklovneriaesitys, jonka valmistamisessa ty\u00f6ryhm\u00e4 on tutkinut erityisesti klovnin floppia. Klovnit Gerdrud Steinohr, Dahlia Humus, Nolja Kekkonen ja Usva Huu ovat saaneet rahoitusta kansainv\u00e4liselle projektilleen. Valitettavasti ryhm\u00e4n ymp\u00e4rill\u00e4 on alkanut liikkua ep\u00e4m\u00e4\u00e4r\u00e4isi\u00e4 huhuja rahoituksen v\u00e4\u00e4rink\u00e4yt\u00f6st\u00e4. L\u00e4pin\u00e4kyvyyden lis\u00e4\u00e4miseksi klovnit j\u00e4rjest\u00e4v\u00e4t lehdist\u00f6tilaisuuden, jonka aikana he pyrkiv\u00e4t puhdistamaan maineensa ja tuomaan julki mihin rahat on k\u00e4ytetty. Lehdist\u00f6tilaisuus on noin tunnin mittainen teatteriklovneriaesitys, jonka valmistamisessa ty\u00f6ryhm\u00e4 on tutkinut erityisesti klovnin floppia. Temaattisesti esitys flirttailee mm. politiikasta tuttujen tapahtumakulkujen kanssa, joissa valta-asemassa oleva henkil\u00f6 hy\u00f6dynt\u00e4\u00e4 julkisia varoja yksityisiin tarkoituksiin. Kiinni j\u00e4\u00e4ty\u00e4\u00e4n vilunkipelin harjoittaja on kuitenkin h\u00e4mm\u00e4stynyt syyt\u00f6ksist\u00e4 ja kiist\u00e4\u00e4 tehneens\u00e4 mit\u00e4\u00e4n v\u00e4\u00e4r\u00e4\u00e4. Lehdist\u00f6tilaisuus -klovneriaesitys l\u00e4hestyy n\u00e4it\u00e4 asetelmia huumorin, leikin ja naiiviuden kautta. <\/p>\n\n\n\n<p><\/p>\n\n\n\n<p>Ty\u00f6ryhm\u00e4 ja hjaus: Helena Leminen <\/p>\n\n\n\n<p>Klovnit lavalla: Gerdrud Steinohr, johtaja (Henna Hakkarainen), Usva Huu, turvahenkil\u00f6 (Roosa Hannikainen), Nolja Kekkonen, sihteeri ja avustaja (Iika Hartikainen), Dahlia Humus, pr-p\u00e4\u00e4llikk\u00f6 (Sinikka Lumiluoto) <\/p>\n\n\n\n<p>Lavastus ja puvustus: ty\u00f6ryhm\u00e4 Esityksen kesto: noin 45-60 minuuttia.<\/p>\n\n\n\n<p> Esitys on toteutettu yhteisty\u00f6ss\u00e4 Teatteri Metamorfoosin kanssa.<\/p>\n\n\n\n<p><\/p>\n\n\n\n<p>Lehdist\u00f6tilaisuus-esitys vieraili Hurjaruuthin Klovnifestivaaleilla Punaisessa Helmess\u00e4 11-18.2.2023<\/p>\n\n\n\n<figure class=\"wp-block-image size-large\"><img loading=\"lazy\" decoding=\"async\" width=\"1499\" height=\"1124\" src=\"http:\/\/www.roosahannikainen.fi\/wp-content\/uploads\/2023\/03\/lehdistotilaisuus-edited.jpeg\" alt=\"\" class=\"wp-image-411\" srcset=\"https:\/\/www.roosahannikainen.fi\/wp-content\/uploads\/2023\/03\/lehdistotilaisuus-edited.jpeg 1499w, https:\/\/www.roosahannikainen.fi\/wp-content\/uploads\/2023\/03\/lehdistotilaisuus-edited-300x225.jpeg 300w, https:\/\/www.roosahannikainen.fi\/wp-content\/uploads\/2023\/03\/lehdistotilaisuus-edited-1024x768.jpeg 1024w, https:\/\/www.roosahannikainen.fi\/wp-content\/uploads\/2023\/03\/lehdistotilaisuus-edited-768x576.jpeg 768w, https:\/\/www.roosahannikainen.fi\/wp-content\/uploads\/2023\/03\/lehdistotilaisuus-edited-80x60.jpeg 80w\" sizes=\"auto, (max-width: 1499px) 100vw, 1499px\" \/><figcaption class=\"wp-element-caption\">Kuvassa Iika Hartikainen, Roosa Hannikainen, Henna Hartikainen, Sinikka Lumiluoto. Kuva: Helena Leminen<\/figcaption><\/figure>\n\n\n\n<p><\/p>\n\n\n\n<p><\/p>\n\n\n\n<h3 class=\"wp-block-heading\"><strong>\u201dENT\u00c4 JOS&#8230;?&#8221; -teatteriklovneriaa pakko-oireisuudesta.<\/strong><\/h3>\n\n\n\n<p>Vuonna 2014 Roosa tutustui Helena Lemiseen ja pian sen j\u00e4lkeen syntyi idea teatteriklovneria esityksest\u00e4, joka k\u00e4sittelisi mielenterveytt\u00e4. <\/p>\n\n\n\n<h2 class=\"wp-block-heading\"><\/h2>\n\n\n\n<p><em>ESITYSKUVAUS<\/em><\/p>\n\n\n<div class=\"wp-block-image\">\n<figure class=\"alignright size-large is-resized\"><img loading=\"lazy\" decoding=\"async\" src=\"http:\/\/www.roosahannikainen.fi\/wp-content\/uploads\/2021\/07\/Klovnit-Regina-ja-Usva_1024.jpg\" alt=\"\" class=\"wp-image-39\" width=\"279\" height=\"279\" srcset=\"https:\/\/www.roosahannikainen.fi\/wp-content\/uploads\/2021\/07\/Klovnit-Regina-ja-Usva_1024.jpg 1024w, https:\/\/www.roosahannikainen.fi\/wp-content\/uploads\/2021\/07\/Klovnit-Regina-ja-Usva_1024-300x300.jpg 300w, https:\/\/www.roosahannikainen.fi\/wp-content\/uploads\/2021\/07\/Klovnit-Regina-ja-Usva_1024-150x150.jpg 150w, https:\/\/www.roosahannikainen.fi\/wp-content\/uploads\/2021\/07\/Klovnit-Regina-ja-Usva_1024-768x767.jpg 768w, https:\/\/www.roosahannikainen.fi\/wp-content\/uploads\/2021\/07\/Klovnit-Regina-ja-Usva_1024-60x60.jpg 60w, https:\/\/www.roosahannikainen.fi\/wp-content\/uploads\/2021\/07\/Klovnit-Regina-ja-Usva_1024-700x700.jpg 700w, https:\/\/www.roosahannikainen.fi\/wp-content\/uploads\/2021\/07\/Klovnit-Regina-ja-Usva_1024-620x620.jpg 620w, https:\/\/www.roosahannikainen.fi\/wp-content\/uploads\/2021\/07\/Klovnit-Regina-ja-Usva_1024-400x400.jpg 400w\" sizes=\"auto, (max-width: 279px) 100vw, 279px\" \/><figcaption class=\"wp-element-caption\">Kuva Katariina Jumppanen<\/figcaption><\/figure>\n<\/div>\n\n\n<p>Klovnittaret Regina D. Ding Dong ja Usva Huu ovat l\u00e4helt\u00e4 seuranneet \u201cserkkujensa\u201d piinaavien pakkoajatusten v\u00e4ritt\u00e4m\u00e4\u00e4 el\u00e4m\u00e4\u00e4. He saivat omaisina t\u00e4rke\u00e4n teht\u00e4v\u00e4n valmistaa n\u00e4ytt\u00e4m\u00f6llisen kuvaelman, joka pohjautuu serkkujen karmaiseviin el\u00e4m\u00e4nkokemuksiin. Esityksen tarkoituksena on valottaa komedian keinoin millaiseen piinaavaan paniikkiin kaikenkarvaiset ajatukset voivat ihmispolon saada. Luvassa on ainakin yksi traaginen juonenk\u00e4\u00e4nne, ahdistavien ajatuksien monip\u00e4inen hirvi\u00f6, sek\u00e4 tanssia ja laulua.<\/p>\n\n\n\n<p>Klovneria on taidemuotona l\u00e4sn\u00e4olon ja el\u00e4misen riemun v\u00e4litt\u00e4j\u00e4. N\u00e4in ollen se on juuri sopiva v\u00e4line k\u00e4sitell\u00e4 p\u00e4\u00e4n sis\u00e4isi\u00e4 vakavia ja pelottaviakin aiheita niin, ett\u00e4 katsojan ja kokijan on mahdollista vastaanottaa se.&nbsp;<\/p>\n\n\n<div class=\"wp-block-image\">\n<figure class=\"alignright size-large is-resized\"><img loading=\"lazy\" decoding=\"async\" src=\"http:\/\/www.roosahannikainen.fi\/wp-content\/uploads\/2021\/07\/Ent\u00e4-Jos-Minna-ja-psykiatri-3.jpg\" alt=\"\" class=\"wp-image-218\" width=\"170\" height=\"177\"\/><figcaption class=\"wp-element-caption\">Kuva Katariina Jumppanen<\/figcaption><\/figure>\n<\/div>\n\n\n<p>Kantaesitetty katuteatteri-versiona Uusi Resepti -Taiteen, hulluuden ja hyvinvoinnin tapahtumassa vuonna 2014. Varsinainen teatteriversio ty\u00f6stetty v. 2016-2017. Kiertue SKR:n tuella tammikuu-toukokuu 2017. Kes\u00e4kuusta 2017 alkaen tilausesityksi\u00e4.<\/p>\n\n\n\n<p> K\u00e4sikirjoitus, ohjaus &amp; esiintyminen: Helena Leminen &amp; Roosa Hannikainen. <\/p>\n\n\n\n<p>Tuotanto: Teatteri Metamorfoosi.<\/p>\n\n\n\n<p><strong><a href=\"https:\/\/fi.metamorfoosi.com\/enta-jos\">https:\/\/fi.metamorfoosi.com\/enta-jos<\/a><\/strong><\/p>\n\n\n\n<p>Klovnit Facebookissa: https:\/\/fi-fifacebook.com\/usvajaregina\/<\/p>\n\n\n\n<h3 class=\"wp-block-heading\">KLOVNI USVA HUU<\/h3>\n\n\n\n<h3 class=\"wp-block-heading\">\u2013 Almost there<\/h3>\n\n\n\n<h6 class=\"wp-block-heading\">&nbsp;Vuonna 2017 Roosa oli mukana Teatteri Metamorfoosin klovniesityksess\u00e4, jossa kuusi klovnia valmistivat oman soolonsa ja se sai ensi-iltansa Masque-festivaaleilla Stoassa.<\/h6>\n\n\n\n<p><em>ESITYSKUVAUS<\/em><\/p>\n\n\n\n<p>Usva Huun takki ei ole koskaan mennyt kiinni navan kohdalta, eik\u00e4 kokonaisuuksien hahmottaminen ole avautunut h\u00e4nelle juurikaan.<\/p>\n\n\n\n<p>Usva ty\u00f6skentelee ahkerasti glamour-maailmassa, jonka p\u00f6lyn uskoo laskeutuvan ylleen hetken\u00e4 min\u00e4 hyv\u00e4ns\u00e4.<\/p>\n\n\n\n<figure class=\"wp-block-gallery alignright has-nested-images columns-default is-cropped wp-block-gallery-1 is-layout-flex wp-block-gallery-is-layout-flex\">\n<figure class=\"wp-block-image size-full\"><img loading=\"lazy\" decoding=\"async\" width=\"720\" height=\"960\" data-id=\"415\" src=\"https:\/\/www.roosahannikainen.fi\/wp-content\/uploads\/2023\/03\/WhatsApp-Image-2023-03-29-at-11.19.17-1.jpeg\" alt=\"\" class=\"wp-image-415\" srcset=\"https:\/\/www.roosahannikainen.fi\/wp-content\/uploads\/2023\/03\/WhatsApp-Image-2023-03-29-at-11.19.17-1.jpeg 720w, https:\/\/www.roosahannikainen.fi\/wp-content\/uploads\/2023\/03\/WhatsApp-Image-2023-03-29-at-11.19.17-1-225x300.jpeg 225w, https:\/\/www.roosahannikainen.fi\/wp-content\/uploads\/2023\/03\/WhatsApp-Image-2023-03-29-at-11.19.17-1-45x60.jpeg 45w\" sizes=\"auto, (max-width: 720px) 100vw, 720px\" \/><figcaption class=\"wp-element-caption\">Kuva Soile M\u00e4kel\u00e4<\/figcaption><\/figure>\n<\/figure>\n\n\n\n<p>Kuka est\u00e4\u00e4 kasvamasta unelmiensa kokoiseksi?<\/p>\n\n\n\n<p>Onko sill\u00e4 oikeasti v\u00e4li\u00e4 mit\u00e4 muut ajattelevat?<br>Mit\u00e4 tehd\u00e4 kun oma sis\u00e4inen dialogi k\u00e4y liian rankaksi?<br>Tyyty\u00e4k\u00f6 statistin rooliin vai pyrki\u00e4k\u00f6 oman el\u00e4m\u00e4ns\u00e4 p\u00e4\u00e4t\u00e4hdeksi?<\/p>\n\n\n\n<p>Roosa Hannikaisen soolo k\u00e4sittelee suhdetta omaan kehoon ja mieleen.<\/p>\n\n\n\n<p>Kesto:&nbsp;20 min<\/p>\n\n\n\n<p>ESITYSKIELI:&nbsp;Sanaton<\/p>\n\n\n\n<p><a href=\"https:\/\/fi.metamorfoosi.com\/usva-huu-almost-there\">https:\/\/fi.metamorfoosi.com\/usva-huu-almost-there<\/a><\/p>\n\n\n\n<h3 class=\"wp-block-heading\">Ruma ankanpoikanen<\/h3>\n\n\n\n<p><em>ESITYSKUVAUS<\/em><\/p>\n\n\n\n<p>Tanssiteatteri Hurjaruuthin&nbsp;<em>P\u00f6lyt pois klassikoista<\/em>&nbsp;-sarja jatkuu, kun klovnitrio&nbsp;<em>Muitten Mukulat<\/em>&nbsp;tulkitsee Hans Christian Andersenin rakastetun klassikkosadun. <em>Ruma ankanpoikanen -esityst\u00e4 on harjoiteltu pitk\u00e4\u00e4n ja hartaasti, vuorosanat on kirjoitettu k\u00e4teen ja perhosia on vatsassa. H-hetken koittaessa kaikki ennalta sovittu unohtuu ja lavalla kohtaa kolme rumaa ankanpoikasta\u2026<\/em><\/p>\n\n\n\n<p><em>Ruma ankanpoikanen<\/em>&nbsp;on teatteriklovnerian keinoin toteutettu esitys erilaisuuden siet\u00e4misen vaikeudesta. <\/p>\n\n\n\n<figure class=\"wp-block-image size-large\"><img loading=\"lazy\" decoding=\"async\" width=\"700\" height=\"508\" src=\"http:\/\/www.roosahannikainen.fi\/wp-content\/uploads\/2021\/07\/ruma_ankanpoikanen5_kuva_riku_virtanen_700-700x500@2x.jpg\" alt=\"\" class=\"wp-image-216\" srcset=\"https:\/\/www.roosahannikainen.fi\/wp-content\/uploads\/2021\/07\/ruma_ankanpoikanen5_kuva_riku_virtanen_700-700x500@2x.jpg 700w, https:\/\/www.roosahannikainen.fi\/wp-content\/uploads\/2021\/07\/ruma_ankanpoikanen5_kuva_riku_virtanen_700-700x500@2x-300x218.jpg 300w, https:\/\/www.roosahannikainen.fi\/wp-content\/uploads\/2021\/07\/ruma_ankanpoikanen5_kuva_riku_virtanen_700-700x500@2x-413x300.jpg 413w\" sizes=\"auto, (max-width: 700px) 100vw, 700px\" \/><\/figure>\n\n\n\n<p>ROOLEISSA (kuvassa): Roosa Hannikainen, Soile M\u00e4kel\u00e4 ja Hanna Ter\u00e4v\u00e4<br>OHJAUS JA DRAMATURGIA: Soile M\u00e4kel\u00e4<br>MUSIIKKI: Maija Ruuskanen<br>KLOVNERIA TUTOR: Mario Gonzalez (Guatemala)<\/p>\n\n\n\n<figure class=\"wp-block-embed is-type-video is-provider-youtube wp-block-embed-youtube wp-embed-aspect-16-9 wp-has-aspect-ratio\"><div class=\"wp-block-embed__wrapper\">\n<iframe loading=\"lazy\" title=\"Ruma ankanpoikanen Making of\" width=\"925\" height=\"520\" src=\"https:\/\/www.youtube.com\/embed\/go8E_5MTwGI?feature=oembed\" frameborder=\"0\" allow=\"accelerometer; autoplay; clipboard-write; encrypted-media; gyroscope; picture-in-picture; web-share\" referrerpolicy=\"strict-origin-when-cross-origin\" allowfullscreen><\/iframe>\n<\/div><\/figure>\n\n\n\n<h3 class=\"wp-block-heading\">Pirandello and the age of silence<\/h3>\n\n\n\n<p>Ensi-ilta oli <em>Kulttuuritehdas Korjaamolla 23.8.2009 osana Stage-festivaalia<\/em>.<\/p>\n\n\n\n<p><em>ESITYSKUVAUS<\/em><\/p>\n\n\n\n<p>Pirandello Project&nbsp;on&nbsp;&nbsp;runollinen naamio- ja nukketeatteriesitys,&nbsp;jossa totalitaarisessa yhteiskunnassa el\u00e4v\u00e4t&nbsp;ihmiset ottavat el\u00e4m\u00e4n omiin k\u00e4siins\u00e4 mielikuvituksen ja taiteen&nbsp;avulla. Esityksess\u00e4 Musiikilla on esityksess\u00e4 erityisen t\u00e4rke\u00e4ss\u00e4 rooli ja \u00e4\u00e4nimaailman keski\u00f6ss\u00e4 soi sveitsil\u00e4inen ly\u00f6m\u00e4soitin hang.<\/p>\n\n\n\n<p>Esitys perustuu&nbsp;Luigi Pirandellon&nbsp;keskener\u00e4iseksi j\u00e4\u00e4neeseen n\u00e4ytelm\u00e4\u00e4n I Giganti della Montagna (Vuorten j\u00e4ttil\u00e4iset).<\/p>\n\n\n\n<p><a href=\"https:\/\/fi.metamorfoosi.com\/pirandello-project\">https:\/\/fi.metamorfoosi.com\/pirandello-project<\/a><\/p>\n\n\n\n<figure class=\"wp-block-embed is-type-video is-provider-youtube wp-block-embed-youtube wp-embed-aspect-16-9 wp-has-aspect-ratio\"><div class=\"wp-block-embed__wrapper\">\n<iframe loading=\"lazy\" title=\"Pirandello Project - On The Edge Of Silence (Trailer)\" width=\"925\" height=\"520\" src=\"https:\/\/www.youtube.com\/embed\/WrT_YHidzHE?feature=oembed\" frameborder=\"0\" allow=\"accelerometer; autoplay; clipboard-write; encrypted-media; gyroscope; picture-in-picture; web-share\" referrerpolicy=\"strict-origin-when-cross-origin\" allowfullscreen><\/iframe>\n<\/div><\/figure>\n\n\n\n<p><\/p>\n\n\n\n<p><\/p>\n\n\n\n<p><\/p>\n\n\n\n<p>\u200b<\/p>\n\n\n\n<figure class=\"wp-block-gallery has-nested-images columns-default is-cropped wp-block-gallery-2 is-layout-flex wp-block-gallery-is-layout-flex\"><\/figure>\n\n\n\n<p><\/p>\n\n\n\n\n\n<p><strong>TV ja Radio-t\u00f6it\u00e4:<\/strong><\/p>\n\n\n\n<p>Klovni Lilli Pii, Pikku Kakkonen, YLE:<\/p>\n\n\n\n<p><a href=\"https:\/\/areena.yle.fi\/1-4110549?utm_medium=social&amp;utm_campaign=areena-ios-share\">https:\/\/areena.yle.fi\/1-4110549?utm_medium=social&amp;utm_campaign=areena-ios-share<\/a><\/p>\n\n\n\n<p>(uusintoja tulee satunnaisesta Yle Areenaan)<\/p>\n\n\n\n<p><a href=\"https:\/\/areena.yle.fi\/1-4110549\">https:\/\/areena.yle.fi\/1-4110549<\/a><\/p>\n\n\n\n<p>Elokuvan Syd\u00e4mess\u00e4- ohjelma, Yle teema:<\/p>\n\n\n\n<p><a href=\"https:\/\/areena.yle.fi\/1-50883666\">https:\/\/areena.yle.fi\/1-50883666<\/a><\/p>\n\n\n\n<p>Kulttuuriliiteri:<\/p>\n\n\n\n<p><a href=\"https:\/\/www.mtkl.fi\/tarinat\/kulttuuriliiterista-raikaa-bluussi\/\">https:\/\/www.mtkl.fi\/tarinat\/kulttuuriliiterista-raikaa-bluussi\/<\/a><\/p>\n\n\n\n\n\n\n\n\n\n<figure class=\"wp-block-gallery has-nested-images columns-default is-cropped wp-block-gallery-3 is-layout-flex wp-block-gallery-is-layout-flex\"><\/figure>\n\n\n\n\n","protected":false},"excerpt":{"rendered":"<p>&#8211; Valikoituja t\u00f6it\u00e4 &#8211; Lehdist\u00f6tilaisuus ESITYSKUVAUS Lehdist\u00f6tilaisuus on teatteriklovneriaesitys, jonka valmistamisessa ty\u00f6ryhm\u00e4 on tutkinut erityisesti klovnin floppia. Klovnit Gerdrud Steinohr, Dahlia Humus, Nolja Kekkonen ja Usva Huu ovat saaneet rahoitusta kansainv\u00e4liselle projektilleen. Valitettavasti ryhm\u00e4n ymp\u00e4rill\u00e4 on alkanut liikkua ep\u00e4m\u00e4\u00e4r\u00e4isi\u00e4 huhuja rahoituksen v\u00e4\u00e4rink\u00e4yt\u00f6st\u00e4. L\u00e4pin\u00e4kyvyyden lis\u00e4\u00e4miseksi klovnit j\u00e4rjest\u00e4v\u00e4t lehdist\u00f6tilaisuuden, jonka aikana he pyrkiv\u00e4t puhdistamaan maineensa ja tuomaan &hellip; <\/p>\n","protected":false},"author":1,"featured_media":0,"parent":0,"menu_order":0,"comment_status":"closed","ping_status":"closed","template":"","meta":{"footnotes":""},"class_list":["post-704","page","type-page","status-publish","hentry"],"_links":{"self":[{"href":"https:\/\/www.roosahannikainen.fi\/index.php\/wp-json\/wp\/v2\/pages\/704","targetHints":{"allow":["GET"]}}],"collection":[{"href":"https:\/\/www.roosahannikainen.fi\/index.php\/wp-json\/wp\/v2\/pages"}],"about":[{"href":"https:\/\/www.roosahannikainen.fi\/index.php\/wp-json\/wp\/v2\/types\/page"}],"author":[{"embeddable":true,"href":"https:\/\/www.roosahannikainen.fi\/index.php\/wp-json\/wp\/v2\/users\/1"}],"replies":[{"embeddable":true,"href":"https:\/\/www.roosahannikainen.fi\/index.php\/wp-json\/wp\/v2\/comments?post=704"}],"version-history":[{"count":2,"href":"https:\/\/www.roosahannikainen.fi\/index.php\/wp-json\/wp\/v2\/pages\/704\/revisions"}],"predecessor-version":[{"id":745,"href":"https:\/\/www.roosahannikainen.fi\/index.php\/wp-json\/wp\/v2\/pages\/704\/revisions\/745"}],"wp:attachment":[{"href":"https:\/\/www.roosahannikainen.fi\/index.php\/wp-json\/wp\/v2\/media?parent=704"}],"curies":[{"name":"wp","href":"https:\/\/api.w.org\/{rel}","templated":true}]}}