{"id":699,"date":"2026-04-07T11:45:53","date_gmt":"2026-04-07T11:45:53","guid":{"rendered":"https:\/\/www.roosahannikainen.fi\/?page_id=699"},"modified":"2026-04-09T12:50:16","modified_gmt":"2026-04-09T12:50:16","slug":"etusivu-2","status":"publish","type":"page","link":"https:\/\/www.roosahannikainen.fi\/","title":{"rendered":"Etusivu"},"content":{"rendered":"\n<p class=\"has-vivid-purple-color has-text-color has-medium-font-size\"> Olen esiintyv\u00e4 taiteilija Helsingist\u00e4, ja tarjoan laadukkaita esityksi\u00e4, ty\u00f6pajoja ja taidel\u00e4ht\u00f6isi\u00e4 palveluja lapsille, perheille, nuorille ja aikuisille. Tuotan iloa, l\u00e4sn\u00e4oloa ja yhteis\u00f6llisi\u00e4 kokemuksia erilaisiin tapahtumiin, juhliin ja ryhmille.<\/p>\n\n\n\n<p class=\"has-vivid-purple-color has-text-color\">Valikosta l\u00f6yd\u00e4t tarkemmat kuvaukset esityksist\u00e4, kasvomaalauksista,  ty\u00f6pajoista sek\u00e4 muista palveluista, joita tarjoan niin tapahtumiin, yhteis\u00f6ille kuin yrityksillekin.<\/p>\n\n\n\n<h2 class=\"wp-block-heading\"><\/h2>\n","protected":false},"excerpt":{"rendered":"<p>Olen esiintyv\u00e4 taiteilija Helsingist\u00e4, ja tarjoan laadukkaita esityksi\u00e4, ty\u00f6pajoja ja taidel\u00e4ht\u00f6isi\u00e4 palveluja lapsille, perheille, nuorille ja aikuisille. Tuotan iloa, l\u00e4sn\u00e4oloa ja yhteis\u00f6llisi\u00e4 kokemuksia erilaisiin tapahtumiin, juhliin ja ryhmille. Valikosta l\u00f6yd\u00e4t tarkemmat kuvaukset esityksist\u00e4, kasvomaalauksista, ty\u00f6pajoista sek\u00e4 muista palveluista, joita tarjoan niin tapahtumiin, yhteis\u00f6ille kuin yrityksillekin.<\/p>\n","protected":false},"author":1,"featured_media":0,"parent":0,"menu_order":0,"comment_status":"closed","ping_status":"closed","template":"","meta":{"footnotes":""},"class_list":["post-699","page","type-page","status-publish","hentry"],"_links":{"self":[{"href":"https:\/\/www.roosahannikainen.fi\/index.php\/wp-json\/wp\/v2\/pages\/699","targetHints":{"allow":["GET"]}}],"collection":[{"href":"https:\/\/www.roosahannikainen.fi\/index.php\/wp-json\/wp\/v2\/pages"}],"about":[{"href":"https:\/\/www.roosahannikainen.fi\/index.php\/wp-json\/wp\/v2\/types\/page"}],"author":[{"embeddable":true,"href":"https:\/\/www.roosahannikainen.fi\/index.php\/wp-json\/wp\/v2\/users\/1"}],"replies":[{"embeddable":true,"href":"https:\/\/www.roosahannikainen.fi\/index.php\/wp-json\/wp\/v2\/comments?post=699"}],"version-history":[{"count":9,"href":"https:\/\/www.roosahannikainen.fi\/index.php\/wp-json\/wp\/v2\/pages\/699\/revisions"}],"predecessor-version":[{"id":815,"href":"https:\/\/www.roosahannikainen.fi\/index.php\/wp-json\/wp\/v2\/pages\/699\/revisions\/815"}],"wp:attachment":[{"href":"https:\/\/www.roosahannikainen.fi\/index.php\/wp-json\/wp\/v2\/media?parent=699"}],"curies":[{"name":"wp","href":"https:\/\/api.w.org\/{rel}","templated":true}]}}